{"id":36,"date":"2022-04-19T11:04:07","date_gmt":"2022-04-19T11:04:07","guid":{"rendered":"http:\/\/kehonhuoltopasihanninen.fi\/?page_id=36"},"modified":"2022-04-30T08:41:03","modified_gmt":"2022-04-30T08:41:03","slug":"personal-training","status":"publish","type":"page","link":"https:\/\/kehonhuoltopasihanninen.fi\/?page_id=36","title":{"rendered":"Muut hoidot"},"content":{"rendered":"\n<h3 class=\"wp-block-heading\">&#8211; <strong>Purentalihask\u00e4sittely<\/strong><\/h3>\n\n\n\n<h3 class=\"wp-block-heading\">&#8211; <strong>Fascia -eli lihaskalvok\u00e4sitely raudoilla ja ilman<\/strong><\/h3>\n\n\n\n<p><\/p>\n\n\n\n<h3 class=\"wp-block-heading\">&#8211; <strong>Kuivakuppaus<\/strong><\/h3>\n\n\n\n<p>L\u00e4nsimaisen l\u00e4\u00e4ketieteen edustajat ovat k\u00e4ytt\u00e4neet&nbsp;<strong>KUIVAKUPPAUSTA<\/strong>&nbsp;vuosisatojen ajan monenlaisten sairauksien hoidossa.&nbsp;<br>Kuivakuppaus on kuitenkin alunperin vanha kiinalainen hoitomuoto, jota k\u00e4ytet\u00e4\u00e4n hyvin monenlaisiin vaivoihin kuten tehd\u00e4\u00e4n lihashuoltoon, niska-hartiaseudun kireyteen, kipeytyneeseen selk\u00e4\u00e4n ja iskiasvaivoihin.&nbsp;<br>Oikeaoppinen hoito tehd\u00e4\u00e4n lasikupeilla, joita l\u00e4mmitet\u00e4\u00e4n ihoa vasten, jolloin kuppiin muodostuu sis\u00e4lle alipaine. Vaihtoehtoisesti kuivakuppaus voidaan tehd\u00e4 imukupeilla.&nbsp;<br>Kuivakuppaus on eritt\u00e4in tehokasta: jo 15 minuutin k\u00e4sittely vastaa jopa tunnin perinteist\u00e4 hierontaa. Imukuppihieronnassa ei tehd\u00e4 haavoja, eli se on veret\u00f6nt\u00e4 ja kivutonta.&nbsp;<br>Joskus k\u00e4sittely voi aiheuttaa ihon punotusta, mustelmia ja verenpurkaumia, mutta ne h\u00e4vi\u00e4v\u00e4t parissa p\u00e4iv\u00e4ss\u00e4.<\/p>\n\n\n\n<p>&#8211; <strong>Personal Training<\/strong><\/p>\n\n\n\n<figure class=\"wp-block-image size-large is-resized\"><img loading=\"lazy\" decoding=\"async\" src=\"http:\/\/kehonhuoltopasihanninen.fi\/wp-content\/uploads\/2022\/04\/IMG_0086-1024x768.jpg\" alt=\"\" class=\"wp-image-130\" width=\"539\" height=\"404\" srcset=\"https:\/\/kehonhuoltopasihanninen.fi\/wp-content\/uploads\/2022\/04\/IMG_0086-1024x768.jpg 1024w, https:\/\/kehonhuoltopasihanninen.fi\/wp-content\/uploads\/2022\/04\/IMG_0086-300x225.jpg 300w, https:\/\/kehonhuoltopasihanninen.fi\/wp-content\/uploads\/2022\/04\/IMG_0086-768x576.jpg 768w, https:\/\/kehonhuoltopasihanninen.fi\/wp-content\/uploads\/2022\/04\/IMG_0086-1536x1152.jpg 1536w, https:\/\/kehonhuoltopasihanninen.fi\/wp-content\/uploads\/2022\/04\/IMG_0086-2048x1536.jpg 2048w\" sizes=\"auto, (max-width: 539px) 100vw, 539px\" \/><\/figure>\n\n\n\n<figure class=\"wp-block-image size-large is-resized\"><img loading=\"lazy\" decoding=\"async\" src=\"http:\/\/kehonhuoltopasihanninen.fi\/wp-content\/uploads\/2022\/04\/IMG_0085-1-1024x768.jpg\" alt=\"\" class=\"wp-image-132\" width=\"536\" height=\"402\" srcset=\"https:\/\/kehonhuoltopasihanninen.fi\/wp-content\/uploads\/2022\/04\/IMG_0085-1-1024x768.jpg 1024w, https:\/\/kehonhuoltopasihanninen.fi\/wp-content\/uploads\/2022\/04\/IMG_0085-1-300x225.jpg 300w, https:\/\/kehonhuoltopasihanninen.fi\/wp-content\/uploads\/2022\/04\/IMG_0085-1-768x576.jpg 768w, https:\/\/kehonhuoltopasihanninen.fi\/wp-content\/uploads\/2022\/04\/IMG_0085-1-1536x1152.jpg 1536w, https:\/\/kehonhuoltopasihanninen.fi\/wp-content\/uploads\/2022\/04\/IMG_0085-1-2048x1536.jpg 2048w\" sizes=\"auto, (max-width: 536px) 100vw, 536px\" \/><\/figure>\n\n\n\n<p><\/p>\n","protected":false},"excerpt":{"rendered":"<p>&#8211; Purentalihask\u00e4sittely &#8211; Fascia -eli lihaskalvok\u00e4sitely raudoilla ja ilman &#8211; Kuivakuppaus L\u00e4nsimaisen l\u00e4\u00e4ketieteen edustajat ovat k\u00e4ytt\u00e4neet&nbsp;KUIVAKUPPAUSTA&nbsp;vuosisatojen ajan monenlaisten sairauksien hoidossa.&nbsp;Kuivakuppaus on kuitenkin alunperin vanha kiinalainen hoitomuoto, jota k\u00e4ytet\u00e4\u00e4n hyvin monenlaisiin vaivoihin kuten tehd\u00e4\u00e4n lihashuoltoon, niska-hartiaseudun kireyteen, kipeytyneeseen selk\u00e4\u00e4n ja iskiasvaivoihin.&nbsp;Oikeaoppinen hoito tehd\u00e4\u00e4n lasikupeilla, joita l\u00e4mmitet\u00e4\u00e4n ihoa vasten, jolloin kuppiin muodostuu sis\u00e4lle alipaine. Vaihtoehtoisesti kuivakuppaus voidaan &hellip; <\/p>\n<p class=\"link-more\"><a href=\"https:\/\/kehonhuoltopasihanninen.fi\/?page_id=36\" class=\"more-link\">Jatka lukemista<span class=\"screen-reader-text\"> &#8221;Muut hoidot&#8221;<\/span><\/a><\/p>\n","protected":false},"author":1,"featured_media":0,"parent":0,"menu_order":0,"comment_status":"closed","ping_status":"closed","template":"","meta":{"footnotes":""},"class_list":["post-36","page","type-page","status-publish","hentry"],"_links":{"self":[{"href":"https:\/\/kehonhuoltopasihanninen.fi\/index.php?rest_route=\/wp\/v2\/pages\/36","targetHints":{"allow":["GET"]}}],"collection":[{"href":"https:\/\/kehonhuoltopasihanninen.fi\/index.php?rest_route=\/wp\/v2\/pages"}],"about":[{"href":"https:\/\/kehonhuoltopasihanninen.fi\/index.php?rest_route=\/wp\/v2\/types\/page"}],"author":[{"embeddable":true,"href":"https:\/\/kehonhuoltopasihanninen.fi\/index.php?rest_route=\/wp\/v2\/users\/1"}],"replies":[{"embeddable":true,"href":"https:\/\/kehonhuoltopasihanninen.fi\/index.php?rest_route=%2Fwp%2Fv2%2Fcomments&post=36"}],"version-history":[{"count":7,"href":"https:\/\/kehonhuoltopasihanninen.fi\/index.php?rest_route=\/wp\/v2\/pages\/36\/revisions"}],"predecessor-version":[{"id":133,"href":"https:\/\/kehonhuoltopasihanninen.fi\/index.php?rest_route=\/wp\/v2\/pages\/36\/revisions\/133"}],"wp:attachment":[{"href":"https:\/\/kehonhuoltopasihanninen.fi\/index.php?rest_route=%2Fwp%2Fv2%2Fmedia&parent=36"}],"curies":[{"name":"wp","href":"https:\/\/api.w.org\/{rel}","templated":true}]}}