{"id":32,"date":"2022-04-19T11:02:38","date_gmt":"2022-04-19T11:02:38","guid":{"rendered":"http:\/\/kehonhuoltopasihanninen.fi\/?page_id=32"},"modified":"2022-04-19T13:06:23","modified_gmt":"2022-04-19T13:06:23","slug":"dry-needling","status":"publish","type":"page","link":"https:\/\/kehonhuoltopasihanninen.fi\/?page_id=32","title":{"rendered":"Dry Needling"},"content":{"rendered":"\n<figure class=\"wp-block-image size-large is-resized\"><img loading=\"lazy\" decoding=\"async\" src=\"http:\/\/kehonhuoltopasihanninen.fi\/wp-content\/uploads\/2022\/04\/shutterstock_500321263-1024x678.jpg\" alt=\"\" class=\"wp-image-63\" width=\"670\" height=\"443\" srcset=\"https:\/\/kehonhuoltopasihanninen.fi\/wp-content\/uploads\/2022\/04\/shutterstock_500321263-1024x678.jpg 1024w, https:\/\/kehonhuoltopasihanninen.fi\/wp-content\/uploads\/2022\/04\/shutterstock_500321263-300x199.jpg 300w, https:\/\/kehonhuoltopasihanninen.fi\/wp-content\/uploads\/2022\/04\/shutterstock_500321263-768x509.jpg 768w, https:\/\/kehonhuoltopasihanninen.fi\/wp-content\/uploads\/2022\/04\/shutterstock_500321263-1536x1017.jpg 1536w, https:\/\/kehonhuoltopasihanninen.fi\/wp-content\/uploads\/2022\/04\/shutterstock_500321263-2048x1356.jpg 2048w\" sizes=\"auto, (max-width: 670px) 100vw, 670px\" \/><\/figure>\n\n\n\n<p><strong>Dry needling<\/strong>&nbsp;(DN) eli kuivaneulaus on l\u00e4nsimaiseen l\u00e4\u00e4ketieteeseen perustuvaa akupunktioneuloilla teht\u00e4v\u00e4\u00e4 hoitoa. Nimens\u00e4 mukaisesti kehon sis\u00e4\u00e4n ei injektoida mit\u00e4\u00e4n vaan hoito perustuu pelk\u00e4st\u00e4\u00e4n neulan aikaansaamaan vaikutukseen. Neuloina k\u00e4ytet\u00e4\u00e4n ohuita, steriilej\u00e4 suojakaasuun pakattuja kertak\u00e4ytt\u00f6neuloja.<\/p>\n\n\n\n<p>Dry needling-hoidossa k\u00e4sitell\u00e4\u00e4n pehmytkudoksessa (myofaskia) sijaitsevia triggerpisteit\u00e4 (TrP). Pinnallisempaa neuloitusta k\u00e4ytet\u00e4\u00e4n hoidettaessa esimerkiksi nivelalueen oireita ja heijastekivun alueita. DN-hoito stimuloi immuunij\u00e4rjestelm\u00e4\u00e4 paikallisesti ja laukaisee kehon omia paranemisprosesseja. Hoito poikkeaa kiinalaisesta akupunktiosta siten, ett\u00e4 akupunktiossa hoidetaan meridiaaneilla eli energiakanavilla olevia akupisteit\u00e4 kiinalaisen l\u00e4\u00e4ketieteen mukaisesti. Dry needling ei siis ole akupunktiohoitoa.<\/p>\n","protected":false},"excerpt":{"rendered":"<p>Dry needling&nbsp;(DN) eli kuivaneulaus on l\u00e4nsimaiseen l\u00e4\u00e4ketieteeseen perustuvaa akupunktioneuloilla teht\u00e4v\u00e4\u00e4 hoitoa. Nimens\u00e4 mukaisesti kehon sis\u00e4\u00e4n ei injektoida mit\u00e4\u00e4n vaan hoito perustuu pelk\u00e4st\u00e4\u00e4n neulan aikaansaamaan vaikutukseen. Neuloina k\u00e4ytet\u00e4\u00e4n ohuita, steriilej\u00e4 suojakaasuun pakattuja kertak\u00e4ytt\u00f6neuloja. Dry needling-hoidossa k\u00e4sitell\u00e4\u00e4n pehmytkudoksessa (myofaskia) sijaitsevia triggerpisteit\u00e4 (TrP). Pinnallisempaa neuloitusta k\u00e4ytet\u00e4\u00e4n hoidettaessa esimerkiksi nivelalueen oireita ja heijastekivun alueita. DN-hoito stimuloi immuunij\u00e4rjestelm\u00e4\u00e4 paikallisesti ja &hellip; <\/p>\n<p class=\"link-more\"><a href=\"https:\/\/kehonhuoltopasihanninen.fi\/?page_id=32\" class=\"more-link\">Jatka lukemista<span class=\"screen-reader-text\"> &#8221;Dry Needling&#8221;<\/span><\/a><\/p>\n","protected":false},"author":1,"featured_media":0,"parent":0,"menu_order":0,"comment_status":"closed","ping_status":"closed","template":"","meta":{"footnotes":""},"class_list":["post-32","page","type-page","status-publish","hentry"],"_links":{"self":[{"href":"https:\/\/kehonhuoltopasihanninen.fi\/index.php?rest_route=\/wp\/v2\/pages\/32","targetHints":{"allow":["GET"]}}],"collection":[{"href":"https:\/\/kehonhuoltopasihanninen.fi\/index.php?rest_route=\/wp\/v2\/pages"}],"about":[{"href":"https:\/\/kehonhuoltopasihanninen.fi\/index.php?rest_route=\/wp\/v2\/types\/page"}],"author":[{"embeddable":true,"href":"https:\/\/kehonhuoltopasihanninen.fi\/index.php?rest_route=\/wp\/v2\/users\/1"}],"replies":[{"embeddable":true,"href":"https:\/\/kehonhuoltopasihanninen.fi\/index.php?rest_route=%2Fwp%2Fv2%2Fcomments&post=32"}],"version-history":[{"count":2,"href":"https:\/\/kehonhuoltopasihanninen.fi\/index.php?rest_route=\/wp\/v2\/pages\/32\/revisions"}],"predecessor-version":[{"id":86,"href":"https:\/\/kehonhuoltopasihanninen.fi\/index.php?rest_route=\/wp\/v2\/pages\/32\/revisions\/86"}],"wp:attachment":[{"href":"https:\/\/kehonhuoltopasihanninen.fi\/index.php?rest_route=%2Fwp%2Fv2%2Fmedia&parent=32"}],"curies":[{"name":"wp","href":"https:\/\/api.w.org\/{rel}","templated":true}]}}