{"id":29,"date":"2022-04-19T11:01:00","date_gmt":"2022-04-19T11:01:00","guid":{"rendered":"http:\/\/kehonhuoltopasihanninen.fi\/?page_id=29"},"modified":"2025-12-29T07:33:37","modified_gmt":"2025-12-29T07:33:37","slug":"hieronta","status":"publish","type":"page","link":"https:\/\/kehonhuoltopasihanninen.fi\/?page_id=29","title":{"rendered":"Hieronta"},"content":{"rendered":"\n<figure class=\"wp-block-image size-large is-resized\"><img loading=\"lazy\" decoding=\"async\" width=\"1024\" height=\"683\" src=\"http:\/\/kehonhuoltopasihanninen.fi\/wp-content\/uploads\/2022\/04\/shutterstock_1069117655-1024x683.jpg\" alt=\"\" class=\"wp-image-64\" style=\"width:419px;height:279px\" srcset=\"https:\/\/kehonhuoltopasihanninen.fi\/wp-content\/uploads\/2022\/04\/shutterstock_1069117655-1024x683.jpg 1024w, https:\/\/kehonhuoltopasihanninen.fi\/wp-content\/uploads\/2022\/04\/shutterstock_1069117655-300x200.jpg 300w, https:\/\/kehonhuoltopasihanninen.fi\/wp-content\/uploads\/2022\/04\/shutterstock_1069117655-768x513.jpg 768w, https:\/\/kehonhuoltopasihanninen.fi\/wp-content\/uploads\/2022\/04\/shutterstock_1069117655-1536x1025.jpg 1536w, https:\/\/kehonhuoltopasihanninen.fi\/wp-content\/uploads\/2022\/04\/shutterstock_1069117655-2048x1367.jpg 2048w\" sizes=\"auto, (max-width: 706px) 89vw, (max-width: 767px) 82vw, 740px\" \/><\/figure>\n\n\n\n<p>Hoidoissani k\u00e4yt\u00e4n klassisen ja urheiluhieronnan lis\u00e4ksi useita manuaaliterapian otteita,&nbsp; dry needlingi\u00e4, kuivakuppausta sek\u00e4 fasciak\u00e4sittely\u00e4.<\/p>\n\n\n\n<p>Hieronta <br>30 min 40 \u20ac<br>45 min 48 \u20ac<br>60 min 56 \u20ac<br>75 min 65 \u20ac<br>90 min 75 \u20ac<\/p>\n\n\n\n<p><\/p>\n\n\n\n<figure class=\"wp-block-image size-large\"><img loading=\"lazy\" decoding=\"async\" width=\"768\" height=\"1024\" src=\"http:\/\/kehonhuoltopasihanninen.fi\/wp-content\/uploads\/2022\/04\/IMG_0084-768x1024.jpg\" alt=\"\" class=\"wp-image-128\" srcset=\"https:\/\/kehonhuoltopasihanninen.fi\/wp-content\/uploads\/2022\/04\/IMG_0084-768x1024.jpg 768w, https:\/\/kehonhuoltopasihanninen.fi\/wp-content\/uploads\/2022\/04\/IMG_0084-225x300.jpg 225w, https:\/\/kehonhuoltopasihanninen.fi\/wp-content\/uploads\/2022\/04\/IMG_0084-1152x1536.jpg 1152w, https:\/\/kehonhuoltopasihanninen.fi\/wp-content\/uploads\/2022\/04\/IMG_0084-1536x2048.jpg 1536w, https:\/\/kehonhuoltopasihanninen.fi\/wp-content\/uploads\/2022\/04\/IMG_0084-scaled.jpg 1920w\" sizes=\"auto, (max-width: 706px) 89vw, (max-width: 767px) 82vw, 740px\" \/><\/figure>\n","protected":false},"excerpt":{"rendered":"<p>Hoidoissani k\u00e4yt\u00e4n klassisen ja urheiluhieronnan lis\u00e4ksi useita manuaaliterapian otteita,&nbsp; dry needlingi\u00e4, kuivakuppausta sek\u00e4 fasciak\u00e4sittely\u00e4. Hieronta 30 min 40 \u20ac45 min 48 \u20ac60 min 56 \u20ac75 min 65 \u20ac90 min 75 \u20ac<\/p>\n","protected":false},"author":1,"featured_media":0,"parent":0,"menu_order":0,"comment_status":"closed","ping_status":"closed","template":"","meta":{"footnotes":""},"class_list":["post-29","page","type-page","status-publish","hentry"],"_links":{"self":[{"href":"https:\/\/kehonhuoltopasihanninen.fi\/index.php?rest_route=\/wp\/v2\/pages\/29","targetHints":{"allow":["GET"]}}],"collection":[{"href":"https:\/\/kehonhuoltopasihanninen.fi\/index.php?rest_route=\/wp\/v2\/pages"}],"about":[{"href":"https:\/\/kehonhuoltopasihanninen.fi\/index.php?rest_route=\/wp\/v2\/types\/page"}],"author":[{"embeddable":true,"href":"https:\/\/kehonhuoltopasihanninen.fi\/index.php?rest_route=\/wp\/v2\/users\/1"}],"replies":[{"embeddable":true,"href":"https:\/\/kehonhuoltopasihanninen.fi\/index.php?rest_route=%2Fwp%2Fv2%2Fcomments&post=29"}],"version-history":[{"count":7,"href":"https:\/\/kehonhuoltopasihanninen.fi\/index.php?rest_route=\/wp\/v2\/pages\/29\/revisions"}],"predecessor-version":[{"id":196,"href":"https:\/\/kehonhuoltopasihanninen.fi\/index.php?rest_route=\/wp\/v2\/pages\/29\/revisions\/196"}],"wp:attachment":[{"href":"https:\/\/kehonhuoltopasihanninen.fi\/index.php?rest_route=%2Fwp%2Fv2%2Fmedia&parent=29"}],"curies":[{"name":"wp","href":"https:\/\/api.w.org\/{rel}","templated":true}]}}